{"id":128,"date":"2020-09-01T18:17:37","date_gmt":"2020-09-01T16:17:37","guid":{"rendered":"http:\/\/rancher-avocat.fr\/?page_id=128"},"modified":"2020-09-03T19:21:27","modified_gmt":"2020-09-03T17:21:27","slug":"mentions-legales","status":"publish","type":"page","link":"https:\/\/rancher-avocat.fr\/index.php\/mentions-legales\/","title":{"rendered":"Mentions l\u00e9gales"},"content":{"rendered":"\t\t<div data-elementor-type=\"wp-page\" data-elementor-id=\"128\" class=\"elementor elementor-128\" data-elementor-settings=\"[]\">\n\t\t\t\t\t\t<div class=\"elementor-inner\">\n\t\t\t\t\t\t\t<div class=\"elementor-section-wrap\">\n\t\t\t\t\t\t\t<section class=\"elementor-section elementor-top-section elementor-element elementor-element-7076283 elementor-section-boxed elementor-section-height-default elementor-section-height-default\" data-id=\"7076283\" data-element_type=\"section\">\n\t\t\t\t\t\t<div class=\"elementor-container elementor-column-gap-default\">\n\t\t\t\t\t\t\t<div class=\"elementor-row\">\n\t\t\t\t\t<div class=\"elementor-column elementor-col-100 elementor-top-column elementor-element elementor-element-e07466d\" data-id=\"e07466d\" data-element_type=\"column\">\n\t\t\t<div class=\"elementor-column-wrap elementor-element-populated\">\n\t\t\t\t\t\t\t<div class=\"elementor-widget-wrap\">\n\t\t\t\t\t\t<div class=\"elementor-element elementor-element-df3a630 elementor-widget elementor-widget-divider\" data-id=\"df3a630\" data-element_type=\"widget\" data-widget_type=\"divider.default\">\n\t\t\t\t<div class=\"elementor-widget-container\">\n\t\t\t\t\t<div class=\"elementor-divider\">\n\t\t\t<span class=\"elementor-divider-separator\">\n\t\t\t\t\t\t<\/span>\n\t\t<\/div>\n\t\t\t\t<\/div>\n\t\t\t\t<\/div>\n\t\t\t\t<div class=\"elementor-element elementor-element-e810e8f elementor-widget elementor-widget-heading\" data-id=\"e810e8f\" data-element_type=\"widget\" data-widget_type=\"heading.default\">\n\t\t\t\t<div class=\"elementor-widget-container\">\n\t\t\t<h2 class=\"elementor-heading-title elementor-size-default\">Mentions l\u00e9gales<\/h2>\t\t<\/div>\n\t\t\t\t<\/div>\n\t\t\t\t\t\t<\/div>\n\t\t\t\t\t<\/div>\n\t\t<\/div>\n\t\t\t\t\t\t\t\t<\/div>\n\t\t\t\t\t<\/div>\n\t\t<\/section>\n\t\t\t\t<section class=\"elementor-section elementor-top-section elementor-element elementor-element-a741755 elementor-section-boxed elementor-section-height-default elementor-section-height-default\" data-id=\"a741755\" data-element_type=\"section\">\n\t\t\t\t\t\t<div class=\"elementor-container elementor-column-gap-default\">\n\t\t\t\t\t\t\t<div class=\"elementor-row\">\n\t\t\t\t\t<div class=\"elementor-column elementor-col-100 elementor-top-column elementor-element elementor-element-4ba24e0\" data-id=\"4ba24e0\" data-element_type=\"column\">\n\t\t\t<div class=\"elementor-column-wrap elementor-element-populated\">\n\t\t\t\t\t\t\t<div class=\"elementor-widget-wrap\">\n\t\t\t\t\t\t<div class=\"elementor-element elementor-element-a577829 elementor-widget elementor-widget-text-editor\" data-id=\"a577829\" data-element_type=\"widget\" data-widget_type=\"text-editor.default\">\n\t\t\t\t<div class=\"elementor-widget-container\">\n\t\t\t\t\t<div class=\"elementor-text-editor elementor-clearfix\"><p><span style=\"text-decoration: underline;\"><strong>\u00c9diteur :<\/strong><\/span><\/p>\n<p style=\"min-width: 0px; min-height: 0px; margin-bottom: 1rem; color: #212529; font-family: Roboto, -apple-system, BlinkMacSystemFont, 'Segoe UI', Oxygen-Sans, Ubuntu, Cantarell, 'Helvetica Neue', sans-serif; font-size: 16.5px;\">L&#8217;\u00e9diteur du site est Ma\u00eetre Philippine Rancher, avocat exer\u00e7ant sous la forme d&#8217;e<span style=\"font-weight: var( --e-global-typography-text-font-weight );\">ntreprise individuelle.<\/span><\/p>\n<p style=\"min-width: 0px; min-height: 0px; margin-bottom: 1rem; color: #212529; font-family: Roboto, -apple-system, BlinkMacSystemFont, 'Segoe UI', Oxygen-Sans, Ubuntu, Cantarell, 'Helvetica Neue', sans-serif; font-size: 16.5px;\">28 port saint-sauveur 31000 Toulouse.<\/p>\n<p>cabinet@rancher-avocat.fr<\/p>\n<p>06 44 20 56 37<\/p>\n<p>Directeur de la publication : Philippine Rancher<\/p>\n<p><span style=\"font-family: var( --e-global-typography-text-font-family ); font-weight: var( --e-global-typography-text-font-weight );\">Ma\u00eetre Philippine Rancher exerce en franchise de TVA en application de l&#8217;article 293B du code g\u00e9n\u00e9ral des imp\u00f4ts.<\/span><br><\/p>\n<p><span style=\"text-decoration: underline;\"><strong>H\u00e9bergement :<\/strong><\/span><\/p>\n<p>OVH<\/p>\n<p>2 rue Kellermann &#8211; 59100 Roubaix &#8211; France<\/p><p>www.ovh.com<\/p>\n<p><span style=\"text-decoration: underline;\"><strong>Informations relatives \u00e0 la profession d&#8217;avocat :<\/strong><\/span><\/p>\n<p>Ma\u00eetre Philippine Rancher est titulaire du certificat d&#8217;aptitude \u00e0 la profession d&#8217;avocat, d\u00e9livr\u00e9 en octobre 2019.<\/p>\n<p>Ma\u00eetre Philippine Rancher est inscrit au barreau de l&#8217;ordre des avocats de Toulouse.<\/p>\n<p>Ma\u00eetre Rancher est soumis au Code de d\u00e9ontologie des avocats, en la forme du R\u00e8glement int\u00e9rieur National de la profession d&#8217;avocat (RIN), tel qu&#8217;il r\u00e9sulte de l&#8217;article 21-1 de la loi du 31 d\u00e9cembre 1971 modifi\u00e9e, et de la Charte des principes essentiels de l&#8217;avocat europ\u00e9en, adopt\u00e9e le 24 novembre 2006.<\/p><\/div>\n\t\t\t\t<\/div>\n\t\t\t\t<\/div>\n\t\t\t\t\t\t<\/div>\n\t\t\t\t\t<\/div>\n\t\t<\/div>\n\t\t\t\t\t\t\t\t<\/div>\n\t\t\t\t\t<\/div>\n\t\t<\/section>\n\t\t\t\t<section class=\"elementor-section elementor-top-section elementor-element elementor-element-c228c65 elementor-section-boxed elementor-section-height-default elementor-section-height-default\" data-id=\"c228c65\" data-element_type=\"section\">\n\t\t\t\t\t\t<div class=\"elementor-container elementor-column-gap-default\">\n\t\t\t\t\t\t\t<div class=\"elementor-row\">\n\t\t\t\t\t<div class=\"elementor-column elementor-col-100 elementor-top-column elementor-element elementor-element-07d1c8c\" data-id=\"07d1c8c\" data-element_type=\"column\">\n\t\t\t<div class=\"elementor-column-wrap\">\n\t\t\t\t\t\t\t<div class=\"elementor-widget-wrap\">\n\t\t\t\t\t\t\t\t<\/div>\n\t\t\t\t\t<\/div>\n\t\t<\/div>\n\t\t\t\t\t\t\t\t<\/div>\n\t\t\t\t\t<\/div>\n\t\t<\/section>\n\t\t\t\t\t\t<\/div>\n\t\t\t\t\t\t<\/div>\n\t\t\t\t\t<\/div>\n\t\t","protected":false},"excerpt":{"rendered":"<p>Mentions l\u00e9gales \u00c9diteur : L&#8217;\u00e9diteur du site est Ma\u00eetre Philippine Rancher, avocat exer\u00e7ant sous la forme d&#8217;entreprise individuelle. 28 port saint-sauveur 31000 Toulouse. cabinet@rancher-avocat.fr 06 44 20 56 37 Directeur de la publication : Philippine Rancher Ma\u00eetre Philippine Rancher exerce en franchise de TVA en application de l&#8217;article 293B du code g\u00e9n\u00e9ral des imp\u00f4ts. H\u00e9bergement [&hellip;]<\/p>\n","protected":false},"author":1,"featured_media":0,"parent":0,"menu_order":0,"comment_status":"closed","ping_status":"closed","template":"","meta":[],"yoast_head":"<!-- This site is optimized with the Yoast SEO plugin v14.9 - https:\/\/yoast.com\/wordpress\/plugins\/seo\/ -->\n<title>Mentions l\u00e9gales - PHILIPPINE RANCHER<\/title>\n<meta name=\"robots\" content=\"index, follow, max-snippet:-1, max-image-preview:large, max-video-preview:-1\" \/>\n<link rel=\"canonical\" href=\"https:\/\/rancher-avocat.fr\/index.php\/mentions-legales\/\" \/>\n<meta property=\"og:locale\" content=\"en_US\" \/>\n<meta property=\"og:type\" content=\"article\" \/>\n<meta property=\"og:title\" content=\"Mentions l\u00e9gales - PHILIPPINE RANCHER\" \/>\n<meta property=\"og:description\" content=\"Mentions l\u00e9gales \u00c9diteur : L&#8217;\u00e9diteur du site est Ma\u00eetre Philippine Rancher, avocat exer\u00e7ant sous la forme d&#8217;entreprise individuelle. 28 port saint-sauveur 31000 Toulouse. cabinet@rancher-avocat.fr 06 44 20 56 37 Directeur de la publication : Philippine Rancher Ma\u00eetre Philippine Rancher exerce en franchise de TVA en application de l&#8217;article 293B du code g\u00e9n\u00e9ral des imp\u00f4ts. H\u00e9bergement [&hellip;]\" \/>\n<meta property=\"og:url\" content=\"https:\/\/rancher-avocat.fr\/index.php\/mentions-legales\/\" \/>\n<meta property=\"og:site_name\" content=\"PHILIPPINE RANCHER\" \/>\n<meta property=\"article:modified_time\" content=\"2020-09-03T17:21:27+00:00\" \/>\n<meta name=\"twitter:card\" content=\"summary_large_image\" \/>\n<script type=\"application\/ld+json\" class=\"yoast-schema-graph\">{\"@context\":\"https:\/\/schema.org\",\"@graph\":[{\"@type\":\"Organization\",\"@id\":\"https:\/\/rancher-avocat.fr\/#organization\",\"name\":\"Philippine RANCHER - Avocat\",\"url\":\"https:\/\/rancher-avocat.fr\/\",\"sameAs\":[],\"logo\":{\"@type\":\"ImageObject\",\"@id\":\"https:\/\/rancher-avocat.fr\/#logo\",\"inLanguage\":\"en-US\",\"url\":\"https:\/\/rancher-avocat.fr\/wp-content\/uploads\/2020\/04\/Peach-and-Black-Bold-Real-Estate-Logo-1-1-e1586108025231.png\",\"width\":750,\"height\":1043,\"caption\":\"Philippine RANCHER - Avocat\"},\"image\":{\"@id\":\"https:\/\/rancher-avocat.fr\/#logo\"}},{\"@type\":\"WebSite\",\"@id\":\"https:\/\/rancher-avocat.fr\/#website\",\"url\":\"https:\/\/rancher-avocat.fr\/\",\"name\":\"PHILIPPINE RANCHER\",\"description\":\"Avocat au barreau de Toulouse \",\"publisher\":{\"@id\":\"https:\/\/rancher-avocat.fr\/#organization\"},\"potentialAction\":[{\"@type\":\"SearchAction\",\"target\":\"https:\/\/rancher-avocat.fr\/?s={search_term_string}\",\"query-input\":\"required name=search_term_string\"}],\"inLanguage\":\"en-US\"},{\"@type\":\"WebPage\",\"@id\":\"https:\/\/rancher-avocat.fr\/index.php\/mentions-legales\/#webpage\",\"url\":\"https:\/\/rancher-avocat.fr\/index.php\/mentions-legales\/\",\"name\":\"Mentions l\\u00e9gales - PHILIPPINE RANCHER\",\"isPartOf\":{\"@id\":\"https:\/\/rancher-avocat.fr\/#website\"},\"datePublished\":\"2020-09-01T16:17:37+00:00\",\"dateModified\":\"2020-09-03T17:21:27+00:00\",\"inLanguage\":\"en-US\",\"potentialAction\":[{\"@type\":\"ReadAction\",\"target\":[\"https:\/\/rancher-avocat.fr\/index.php\/mentions-legales\/\"]}]}]}<\/script>\n<!-- \/ Yoast SEO plugin. -->","_links":{"self":[{"href":"https:\/\/rancher-avocat.fr\/index.php\/wp-json\/wp\/v2\/pages\/128"}],"collection":[{"href":"https:\/\/rancher-avocat.fr\/index.php\/wp-json\/wp\/v2\/pages"}],"about":[{"href":"https:\/\/rancher-avocat.fr\/index.php\/wp-json\/wp\/v2\/types\/page"}],"author":[{"embeddable":true,"href":"https:\/\/rancher-avocat.fr\/index.php\/wp-json\/wp\/v2\/users\/1"}],"replies":[{"embeddable":true,"href":"https:\/\/rancher-avocat.fr\/index.php\/wp-json\/wp\/v2\/comments?post=128"}],"version-history":[{"count":7,"href":"https:\/\/rancher-avocat.fr\/index.php\/wp-json\/wp\/v2\/pages\/128\/revisions"}],"predecessor-version":[{"id":188,"href":"https:\/\/rancher-avocat.fr\/index.php\/wp-json\/wp\/v2\/pages\/128\/revisions\/188"}],"wp:attachment":[{"href":"https:\/\/rancher-avocat.fr\/index.php\/wp-json\/wp\/v2\/media?parent=128"}],"curies":[{"name":"wp","href":"https:\/\/api.w.org\/{rel}","templated":true}]}}